{"id":17,"date":"2024-10-01T03:19:19","date_gmt":"2024-10-01T03:19:19","guid":{"rendered":"https:\/\/peruworldagencytravel.com\/?page_id=17"},"modified":"2025-02-09T16:48:34","modified_gmt":"2025-02-09T16:48:34","slug":"servicios","status":"publish","type":"page","link":"https:\/\/peruworldagencytravel.com\/en\/servicios\/","title":{"rendered":"Services"},"content":{"rendered":"<div data-elementor-type=\"wp-page\" data-elementor-id=\"17\" class=\"elementor elementor-17\" data-elementor-post-type=\"page\">\n\t\t\t\t<div class=\"elementor-element elementor-element-2278ce6d e-flex e-con-boxed e-con e-parent\" data-id=\"2278ce6d\" data-element_type=\"container\" data-settings=\"{&quot;background_background&quot;:&quot;classic&quot;}\">\n\t\t\t\t\t<div class=\"e-con-inner\">\n\t\t\t\t\t<\/div>\n\t\t\t\t<\/div>\n\t\t<div class=\"elementor-element elementor-element-1649d6b e-flex e-con-boxed e-con e-parent\" data-id=\"1649d6b\" data-element_type=\"container\">\n\t\t\t\t\t<div class=\"e-con-inner\">\n\t\t\t\t<div class=\"elementor-element elementor-element-183e0133 elementor-widget elementor-widget-heading\" data-id=\"183e0133\" data-element_type=\"widget\" data-widget_type=\"heading.default\">\n\t\t\t\t<div class=\"elementor-widget-container\">\n\t\t\t\t\t<h1 class=\"elementor-heading-title elementor-size-default\">Services<\/h1>\t\t\t\t<\/div>\n\t\t\t\t<\/div>\n\t\t\t\t<div class=\"elementor-element elementor-element-133a1b2e elementor-widget elementor-widget-woocommerce-breadcrumb\" data-id=\"133a1b2e\" data-element_type=\"widget\" data-widget_type=\"woocommerce-breadcrumb.default\">\n\t\t\t\t<div class=\"elementor-widget-container\">\n\t\t\t\t\t<nav class=\"woocommerce-breadcrumb\" aria-label=\"Breadcrumb\" data-no-translation=\"\" data-trp-gettext=\"\">Home<\/nav>\t\t\t\t<\/div>\n\t\t\t\t<\/div>\n\t\t\t\t\t<\/div>\n\t\t\t\t<\/div>\n\t\t<div class=\"elementor-element elementor-element-68df7b0 e-flex e-con-boxed e-con e-parent\" data-id=\"68df7b0\" data-element_type=\"container\">\n\t\t\t\t\t<div class=\"e-con-inner\">\n\t\t\t\t<div class=\"elementor-element elementor-element-8709997 elementor-widget elementor-widget-text-editor\" data-id=\"8709997\" data-element_type=\"widget\" data-widget_type=\"text-editor.default\">\n\t\t\t\t<div class=\"elementor-widget-container\">\n\t\t\t\t\t\t\t\t\t<h3><strong>Full Day<\/strong><\/h3><p>Peru World's Full Day packages are designed for those who want to explore the best of a destination in a single day, without missing a single detail. We offer daily departures to emblematic and easily accessible places, with expert guides who will show you the cultural and natural secrets of each place. Includes transportation, certified guides, special activities and local gastronomy options for a complete experience. Ideal for groups, families or those looking for a perfect adventure plan without an overnight stay.<\/p>\t\t\t\t\t\t\t\t<\/div>\n\t\t\t\t<\/div>\n\t\t\t\t<div class=\"elementor-element elementor-element-706a948 elementor-widget elementor-widget-text-editor\" data-id=\"706a948\" data-element_type=\"widget\" data-widget_type=\"text-editor.default\">\n\t\t\t\t<div class=\"elementor-widget-container\">\n\t\t\t\t\t\t\t\t\t<h3><strong>Tour Packages<\/strong><\/h3><p>Our Tour Packages are customizable and cover both national and international destinations. Each package is a comprehensive experience that combines accommodation, transportation, local guides and specific activities to get to know each destination in depth. We design them with travelers of all ages and preferences in mind, from adventure explorers to those looking to relax in natural environments or immerse themselves in culture. In addition, you can choose from thematic options such as nature, cultural, gastronomic and adventure tourism.<\/p>\t\t\t\t\t\t\t\t<\/div>\n\t\t\t\t<\/div>\n\t\t\t\t<div class=\"elementor-element elementor-element-fa065bc elementor-widget elementor-widget-text-editor\" data-id=\"fa065bc\" data-element_type=\"widget\" data-widget_type=\"text-editor.default\">\n\t\t\t\t<div class=\"elementor-widget-container\">\n\t\t\t\t\t\t\t\t\t<h3><strong>Accommodation Reservation<\/strong><\/h3><p>At Peru World, we take care of finding and booking the best accommodations that fit your preferences and budget. We have a network of high-quality hotels and accommodations in national and international destinations. Whether you are looking for a boutique hotel, an eco-lodge in the jungle or a luxury resort, our team makes sure to offer you the best options in each location, always prioritizing safety, comfort and proximity to tourist attractions.<\/p>\t\t\t\t\t\t\t\t<\/div>\n\t\t\t\t<\/div>\n\t\t\t\t<div class=\"elementor-element elementor-element-fc307ce elementor-widget elementor-widget-text-editor\" data-id=\"fc307ce\" data-element_type=\"widget\" data-widget_type=\"text-editor.default\">\n\t\t\t\t<div class=\"elementor-widget-container\">\n\t\t\t\t\t\t\t\t\t<h3><strong>Airline tickets<\/strong><\/h3><p>We make it easy to purchase airline tickets for all your destinations, both national and international, always looking for the best rates and conditions. We offer advice on choosing flights and airlines, stopovers, luggage and benefits so that you can travel comfortably and with peace of mind. In addition, we provide support for changes and cancellations if necessary, helping you resolve any unforeseen events and ensuring that your travel experience begins without complications.<\/p>\t\t\t\t\t\t\t\t<\/div>\n\t\t\t\t<\/div>\n\t\t\t\t<div class=\"elementor-element elementor-element-1b5a30c elementor-widget elementor-widget-text-editor\" data-id=\"1b5a30c\" data-element_type=\"widget\" data-widget_type=\"text-editor.default\">\n\t\t\t\t<div class=\"elementor-widget-container\">\n\t\t\t\t\t\t\t\t\t<h3><strong>Airline tickets<\/strong><\/h3><p>We make it easy to purchase airline tickets for all your destinations, both national and international, always looking for the best rates and conditions. We offer advice on choosing flights and airlines, stopovers, luggage and benefits so that you can travel comfortably and with peace of mind. In addition, we provide support for changes and cancellations if necessary, helping you resolve any unforeseen events and ensuring that your travel experience begins without complications.<\/p>\t\t\t\t\t\t\t\t<\/div>\n\t\t\t\t<\/div>\n\t\t\t\t<div class=\"elementor-element elementor-element-2399fd7 elementor-widget elementor-widget-text-editor\" data-id=\"2399fd7\" data-element_type=\"widget\" data-widget_type=\"text-editor.default\">\n\t\t\t\t<div class=\"elementor-widget-container\">\n\t\t\t\t\t\t\t\t\t<h3><strong>American Visa Advice<\/strong><\/h3><p>We have a specialized American Visa Advisory service. We help you in every step of the process, from preparing documents to scheduling interviews, giving you personalized recommendations to maximize your chances of approval. This service includes virtual or in-person meetings and detailed tips to make your process successful, ensuring a safe and supported experience at all times.<\/p>\t\t\t\t\t\t\t\t<\/div>\n\t\t\t\t<\/div>\n\t\t\t\t\t<\/div>\n\t\t\t\t<\/div>\n\t\t\t\t<\/div>","protected":false},"excerpt":{"rendered":"<p>Full Day Los paquetes Full Day de Peru World est\u00e1n pensados para aquellos que desean explorar lo mejor de un destino en un solo d\u00eda, sin perderse ning\u00fan detalle. Ofrecemos salidas diarias a lugares emblem\u00e1ticos y de f\u00e1cil acceso, con gu\u00edas expertos que te mostrar\u00e1n los secretos culturales y naturales de cada lugar. Incluye transporte, [&hellip;]<\/p>","protected":false},"author":1,"featured_media":0,"parent":0,"menu_order":0,"comment_status":"closed","ping_status":"closed","template":"","meta":{"footnotes":""},"class_list":["post-17","page","type-page","status-publish","hentry"],"_links":{"self":[{"href":"https:\/\/peruworldagencytravel.com\/en\/wp-json\/wp\/v2\/pages\/17","targetHints":{"allow":["GET"]}}],"collection":[{"href":"https:\/\/peruworldagencytravel.com\/en\/wp-json\/wp\/v2\/pages"}],"about":[{"href":"https:\/\/peruworldagencytravel.com\/en\/wp-json\/wp\/v2\/types\/page"}],"author":[{"embeddable":true,"href":"https:\/\/peruworldagencytravel.com\/en\/wp-json\/wp\/v2\/users\/1"}],"replies":[{"embeddable":true,"href":"https:\/\/peruworldagencytravel.com\/en\/wp-json\/wp\/v2\/comments?post=17"}],"version-history":[{"count":27,"href":"https:\/\/peruworldagencytravel.com\/en\/wp-json\/wp\/v2\/pages\/17\/revisions"}],"predecessor-version":[{"id":1063,"href":"https:\/\/peruworldagencytravel.com\/en\/wp-json\/wp\/v2\/pages\/17\/revisions\/1063"}],"wp:attachment":[{"href":"https:\/\/peruworldagencytravel.com\/en\/wp-json\/wp\/v2\/media?parent=17"}],"curies":[{"name":"wp","href":"https:\/\/api.w.org\/{rel}","templated":true}]}}